{"id":8,"date":"2014-02-07T18:54:55","date_gmt":"2014-02-07T18:54:55","guid":{"rendered":"http:\/\/hetzenecker-kueken.de\/?page_id=8"},"modified":"2014-02-21T09:54:06","modified_gmt":"2014-02-21T09:54:06","slug":"tradition","status":"publish","type":"page","link":"http:\/\/hetzenecker-kueken.de\/?page_id=8","title":{"rendered":"Tradition"},"content":{"rendered":"<p><b>Angefangen hat alles nach dem Krieg<\/b> mit einer Eier- und Viktualienhandlung gegen\u00fcber dem Bahnhof in Neumarkt Sankt Veit durch Josef Hetzenecker und seinen S\u00f6hnen Siegfried und Karl.<\/p>\n<p><a href=\"http:\/\/hetzenecker-kueken.de\/wp-content\/uploads\/2014\/02\/tradition1_fotor.jpg\"><img loading=\"lazy\" decoding=\"async\" class=\"size-full wp-image-112 alignright\" alt=\"tradition1_fotor\" src=\"http:\/\/hetzenecker-kueken.de\/wp-content\/uploads\/2014\/02\/tradition1_fotor.jpg\" width=\"277\" height=\"190\" \/><\/a><\/p>\n<p><b>Ende der 1950er Jahre<\/b><br \/>\nverlegte Karl Hetzenecker seinen Betrieb an die Elsenbacherstra\u00dfe, hatte Bruteierlieferbetriebe und hielt dann selbst eigene Elterntiere unter anderem von<br \/>\nBeltsville Puten,\u00a0wei\u00dfen Leghorn,\u00a0rebhuhnfarbigen Italienern,\u00a0franz\u00f6sische Landenten,\u00a0Rottaler G\u00e4ns,\u00a0Kanada Hybrid Puten,\u00a0Meister- Hybriden,\u00a0Lohmann Mastk\u00fcken<\/p>\n<p><b>1996<\/b><br \/>\n\u00fcbernimmt der Sohn Christian Hetzenecker die Gefl\u00fcgelzucht und f\u00fchrt auch die anerkannte Lehrwirtschaft mit der Ausbildung zum Tierwirt, Fachrichtung Gefl\u00fcgel weiter. Die bestehenden Wirtschaftsgeb\u00e4ude wurden \u00fcbernommen und einige Maschinen an den neuen Stand der Technik angepasst. So mussten die alten Trommelbrutmaschinen neuen automatischen Schrankbr\u00fctern der Firma Petersime weichen.<br \/>\nDer fr\u00fcher \u00fcbliche Expressversand von K\u00fcken bundesweit wurde in den 1990er Jahren erschwert, so dass die bereits bestehenden regelm\u00e4\u00dfigen Lieferfahrten ausgeweitet wurden und jetzt weite Teile Bayerns und Baden &#8211; W\u00fcrttembergs umfassen.<\/p>\n<p><b>2004<\/b><br \/>\nDie Gefl\u00fcgelzucht und Br\u00fcterei Karl Hetzenecker machte die Entwicklung zur Massentierhaltung nicht mit und entschied sich 2004 zum Beitritt in den Naturlandverband und der biozertifizierten Erzeugung von Mastk\u00fcken. Die Biozertifizierung der vorhandenen Tierarten wurde vorangetrieben und so ist die Biogefl\u00fcgelzucht Hetzenecker jetzt<\/p>\n<p>&#8211; eine von nur einer handvoll Erzeuger von\u00a0Biomastk\u00fcken in Deutschland<br \/>\n&#8211; der einzige nennenswerte Erzeuger in S\u00fcddeutschland von biozertifizierten Pekingenten, Flugenten und\u00a0schweren D\u00e4neng\u00e4nsen<\/p>\n<p>Wir betreiben gro\u00dfen Aufwand in der Elterntierhaltung und Aufzucht und k\u00f6nnen Ihnen deshalb Tiere mit Spitzenleistungen anbieten. Wir wollen Sie als unseren Kunden zufriedenstellen und bem\u00fchen uns deshalb sehr Ihnen gesundes und robustes Gefl\u00fcgel abzugeben, mit denen Sie ohne Probleme arbeiten k\u00f6nnen.<\/p>\n<p><b>2008<\/b><br \/>\nwurden bestehende St\u00e4lle f\u00fcr Kleingruppenhaltung mit \u00fcberdachten Winterg\u00e4rten ausgestattet und eine Photovoltaikanlage mit 28,7 KW Leistung installiert.<\/p>\n<p><b>2009<\/b><br \/>\nwir vermehren LesBleues Zweinutzungsk\u00fcken von eigenen Elterntieren.<br \/>\nDie Biogefl\u00fcgelzucht Hetzenecker wird EU zertifiziert und beliefert einzelne Kunden jetzt auch in \u00d6sterreich, Ungarn, Italien und Niederlande.<\/p>\n<p><b>November 2010<\/b><br \/>\nWird ein neues Lieferfahrzeug MB Sprinter mit Klimaanlage, Laderaumentl\u00fcftung und Standheizung in Betrieb genommen<\/p>\n<p>Seit <b>Januar 2013<\/b> gibt es Jungputen aus Bioaufzucht.<\/p>\n","protected":false},"excerpt":{"rendered":"<p>Angefangen hat alles nach dem Krieg mit einer Eier- und Viktualienhandlung gegen\u00fcber dem Bahnhof in Neumarkt Sankt Veit durch Josef Hetzenecker und seinen S\u00f6hnen Siegfried und Karl. Ende der 1950er Jahre verlegte Karl Hetzenecker seinen Betrieb an die Elsenbacherstra\u00dfe, hatte Bruteierlieferbetriebe und hielt dann selbst eigene Elterntiere unter anderem von Beltsville Puten,\u00a0wei\u00dfen Leghorn,\u00a0rebhuhnfarbigen Italienern,\u00a0franz\u00f6sische Landenten,\u00a0Rottaler&hellip;<\/p>\n","protected":false},"author":1,"featured_media":0,"parent":2,"menu_order":1,"comment_status":"closed","ping_status":"closed","template":"","meta":{"footnotes":""},"class_list":["post-8","page","type-page","status-publish","hentry"],"_links":{"self":[{"href":"http:\/\/hetzenecker-kueken.de\/index.php?rest_route=\/wp\/v2\/pages\/8","targetHints":{"allow":["GET"]}}],"collection":[{"href":"http:\/\/hetzenecker-kueken.de\/index.php?rest_route=\/wp\/v2\/pages"}],"about":[{"href":"http:\/\/hetzenecker-kueken.de\/index.php?rest_route=\/wp\/v2\/types\/page"}],"author":[{"embeddable":true,"href":"http:\/\/hetzenecker-kueken.de\/index.php?rest_route=\/wp\/v2\/users\/1"}],"replies":[{"embeddable":true,"href":"http:\/\/hetzenecker-kueken.de\/index.php?rest_route=%2Fwp%2Fv2%2Fcomments&post=8"}],"version-history":[{"count":4,"href":"http:\/\/hetzenecker-kueken.de\/index.php?rest_route=\/wp\/v2\/pages\/8\/revisions"}],"predecessor-version":[{"id":113,"href":"http:\/\/hetzenecker-kueken.de\/index.php?rest_route=\/wp\/v2\/pages\/8\/revisions\/113"}],"up":[{"embeddable":true,"href":"http:\/\/hetzenecker-kueken.de\/index.php?rest_route=\/wp\/v2\/pages\/2"}],"wp:attachment":[{"href":"http:\/\/hetzenecker-kueken.de\/index.php?rest_route=%2Fwp%2Fv2%2Fmedia&parent=8"}],"curies":[{"name":"wp","href":"https:\/\/api.w.org\/{rel}","templated":true}]}}