{"id":53,"date":"2014-02-07T19:27:27","date_gmt":"2014-02-07T19:27:27","guid":{"rendered":"http:\/\/hetzenecker-kueken.de\/?page_id=53"},"modified":"2014-02-21T10:15:30","modified_gmt":"2014-02-21T10:15:30","slug":"enten","status":"publish","type":"page","link":"http:\/\/hetzenecker-kueken.de\/?page_id=53","title":{"rendered":"Enten"},"content":{"rendered":"<p><b>Bio Pekingenten wei\u00df<\/b><\/p>\n<p><a href=\"http:\/\/hetzenecker-kueken.de\/wp-content\/uploads\/2014\/02\/pekingente_fotor.jpg\"><img loading=\"lazy\" decoding=\"async\" class=\"alignleft  wp-image-138\" alt=\"pekingente_fotor\" src=\"http:\/\/hetzenecker-kueken.de\/wp-content\/uploads\/2014\/02\/pekingente_fotor.jpg\" width=\"143\" height=\"143\" srcset=\"http:\/\/hetzenecker-kueken.de\/wp-content\/uploads\/2014\/02\/pekingente_fotor.jpg 204w, http:\/\/hetzenecker-kueken.de\/wp-content\/uploads\/2014\/02\/pekingente_fotor-150x150.jpg 150w, http:\/\/hetzenecker-kueken.de\/wp-content\/uploads\/2014\/02\/pekingente_fotor-50x50.jpg 50w\" sizes=\"auto, (max-width: 143px) 100vw, 143px\" \/><\/a><\/p>\n<ul>\n<li>unkompliziert in der Haltung<\/li>\n<li>wenig krankheitsanf\u00e4llig<\/li>\n<li>schnellw\u00fcchsig<\/li>\n<li>einfach zu rupfen durch Berechnung der Mastdauer<\/li>\n<li>ideal f\u00fcr den Verkauf durch die gleichm\u00e4\u00dfige Gr\u00f6\u00dfe<\/li>\n<li>K\u00fcken schl\u00fcpfen vom 01. April bis 01. November<\/li>\n<li>Bestellung: 5 Wochen im Voraus; f\u00fcr Haupttermine (Kirchweih, St. Martin, Weihnachten) fr\u00fchzeitig melden<\/li>\n<\/ul>\n<p>Wir empfehlen Auslaufhaltung mit 5 Wochen Futteraufnahme zur freien Verf\u00fcgung, danach kontrolliertes F\u00fcttern mit einer H\u00e4lfte Biofutter und einer H\u00e4lfte Biohafer. Dadurch haben Sie auch bei der l\u00e4ngeren Auslaufmast viel Fleisch bei m\u00f6glichst wenig Fett.<\/p>\n<p>[table id=4 \/]<\/p>\n<p>Diese Leistungsdaten sind Richtwerte, bei Biof\u00fctterung muss man ca. 10 % l\u00e4ngere Mastdauer rechnen.<\/p>\n<p>______________________________________________________________________________________<\/p>\n<p><b>Bio Flugenten &#8211; Warzenenten &#8211; Barbarieenten<\/b><\/p>\n<p><a href=\"http:\/\/hetzenecker-kueken.de\/wp-content\/uploads\/2014\/02\/warzenente_fotor.jpg\"><img loading=\"lazy\" decoding=\"async\" class=\"alignleft  wp-image-140\" alt=\"warzenente_fotor\" src=\"http:\/\/hetzenecker-kueken.de\/wp-content\/uploads\/2014\/02\/warzenente_fotor.jpg\" width=\"147\" height=\"147\" srcset=\"http:\/\/hetzenecker-kueken.de\/wp-content\/uploads\/2014\/02\/warzenente_fotor.jpg 300w, http:\/\/hetzenecker-kueken.de\/wp-content\/uploads\/2014\/02\/warzenente_fotor-150x150.jpg 150w, http:\/\/hetzenecker-kueken.de\/wp-content\/uploads\/2014\/02\/warzenente_fotor-50x50.jpg 50w\" sizes=\"auto, (max-width: 147px) 100vw, 147px\" \/><\/a><\/p>\n<ul>\n<li>zartes, fettarmes Fleisch<\/li>\n<li>hohes Schlachtgewicht<\/li>\n<li>wei\u00dfes Gefieder<\/li>\n<li>gute Futterverwertung<\/li>\n<li>K\u00fcken schl\u00fcpfen vom 01. April bis Mitte Oktober<\/li>\n<li>Bestellung: 6 Wochen im Voraus<\/li>\n<\/ul>\n<p>&nbsp;<\/p>\n<p>[table id=5 \/]<\/p>\n<p>Diese Leistungsdaten sind Richtwerte, bei Biof\u00fctterung muss man ca. 10 % l\u00e4ngere Mastdauer rechnen.<\/p>\n","protected":false},"excerpt":{"rendered":"<p>Bio Pekingenten wei\u00df unkompliziert in der Haltung wenig krankheitsanf\u00e4llig schnellw\u00fcchsig einfach zu rupfen durch Berechnung der Mastdauer ideal f\u00fcr den Verkauf durch die gleichm\u00e4\u00dfige Gr\u00f6\u00dfe K\u00fcken schl\u00fcpfen vom 01. April bis 01. November Bestellung: 5 Wochen im Voraus; f\u00fcr Haupttermine (Kirchweih, St. Martin, Weihnachten) fr\u00fchzeitig melden Wir empfehlen Auslaufhaltung mit 5 Wochen Futteraufnahme zur freien&hellip;<\/p>\n","protected":false},"author":1,"featured_media":0,"parent":101,"menu_order":14,"comment_status":"closed","ping_status":"closed","template":"","meta":{"footnotes":""},"class_list":["post-53","page","type-page","status-publish","hentry"],"_links":{"self":[{"href":"http:\/\/hetzenecker-kueken.de\/index.php?rest_route=\/wp\/v2\/pages\/53","targetHints":{"allow":["GET"]}}],"collection":[{"href":"http:\/\/hetzenecker-kueken.de\/index.php?rest_route=\/wp\/v2\/pages"}],"about":[{"href":"http:\/\/hetzenecker-kueken.de\/index.php?rest_route=\/wp\/v2\/types\/page"}],"author":[{"embeddable":true,"href":"http:\/\/hetzenecker-kueken.de\/index.php?rest_route=\/wp\/v2\/users\/1"}],"replies":[{"embeddable":true,"href":"http:\/\/hetzenecker-kueken.de\/index.php?rest_route=%2Fwp%2Fv2%2Fcomments&post=53"}],"version-history":[{"count":7,"href":"http:\/\/hetzenecker-kueken.de\/index.php?rest_route=\/wp\/v2\/pages\/53\/revisions"}],"predecessor-version":[{"id":142,"href":"http:\/\/hetzenecker-kueken.de\/index.php?rest_route=\/wp\/v2\/pages\/53\/revisions\/142"}],"up":[{"embeddable":true,"href":"http:\/\/hetzenecker-kueken.de\/index.php?rest_route=\/wp\/v2\/pages\/101"}],"wp:attachment":[{"href":"http:\/\/hetzenecker-kueken.de\/index.php?rest_route=%2Fwp%2Fv2%2Fmedia&parent=53"}],"curies":[{"name":"wp","href":"https:\/\/api.w.org\/{rel}","templated":true}]}}