{"id":51,"date":"2014-02-07T19:26:00","date_gmt":"2014-02-07T19:26:00","guid":{"rendered":"http:\/\/hetzenecker-kueken.de\/?page_id=51"},"modified":"2014-02-21T10:16:20","modified_gmt":"2014-02-21T10:16:20","slug":"gaense","status":"publish","type":"page","link":"http:\/\/hetzenecker-kueken.de\/?page_id=51","title":{"rendered":"G\u00e4nse"},"content":{"rendered":"<p><b>Schwere, wei\u00dfe Biog\u00e4nse<\/b><\/p>\n<p><a href=\"http:\/\/hetzenecker-kueken.de\/wp-content\/uploads\/2014\/02\/gans2006_fotor.jpg\"><img loading=\"lazy\" decoding=\"async\" class=\"alignleft  wp-image-143\" alt=\"gans2006_fotor\" src=\"http:\/\/hetzenecker-kueken.de\/wp-content\/uploads\/2014\/02\/gans2006_fotor.jpg\" width=\"147\" height=\"147\" srcset=\"http:\/\/hetzenecker-kueken.de\/wp-content\/uploads\/2014\/02\/gans2006_fotor.jpg 300w, http:\/\/hetzenecker-kueken.de\/wp-content\/uploads\/2014\/02\/gans2006_fotor-150x150.jpg 150w, http:\/\/hetzenecker-kueken.de\/wp-content\/uploads\/2014\/02\/gans2006_fotor-50x50.jpg 50w\" sizes=\"auto, (max-width: 147px) 100vw, 147px\" \/><\/a><\/p>\n<ul>\n<li>eigene Elterntiere<\/li>\n<li>schwere Masttiere, daher mehr Schlachterl\u00f6s<\/li>\n<li>wei\u00dfe Federn<\/li>\n<li>gleichbleibend gute Qualit\u00e4t w\u00e4hrend der ganzen Zuchtsaison (K\u00fcken von April bis August)<\/li>\n<li>schutzgeimpfte Elterntiere gegen Parvovirus<\/li>\n<li>Bestellung: bis 01. Juni vorbestellen<\/li>\n<\/ul>\n<p>[table id=3 \/]<\/p>\n<p>Diese Leistungsdaten sind Richtwerte, wir empfehlen 20 Wochen Mastdauer bei Weidemast. Also Schlupf April und Mai f\u00fcr Kirchweihmast, Juni und Juli f\u00fcr Weihnachtsmast.<\/p>\n","protected":false},"excerpt":{"rendered":"<p>Schwere, wei\u00dfe Biog\u00e4nse eigene Elterntiere schwere Masttiere, daher mehr Schlachterl\u00f6s wei\u00dfe Federn gleichbleibend gute Qualit\u00e4t w\u00e4hrend der ganzen Zuchtsaison (K\u00fcken von April bis August) schutzgeimpfte Elterntiere gegen Parvovirus Bestellung: bis 01. Juni vorbestellen [table id=3 \/] Diese Leistungsdaten sind Richtwerte, wir empfehlen 20 Wochen Mastdauer bei Weidemast. Also Schlupf April und Mai f\u00fcr Kirchweihmast, Juni&hellip;<\/p>\n","protected":false},"author":1,"featured_media":0,"parent":101,"menu_order":13,"comment_status":"closed","ping_status":"closed","template":"","meta":{"footnotes":""},"class_list":["post-51","page","type-page","status-publish","hentry"],"_links":{"self":[{"href":"http:\/\/hetzenecker-kueken.de\/index.php?rest_route=\/wp\/v2\/pages\/51","targetHints":{"allow":["GET"]}}],"collection":[{"href":"http:\/\/hetzenecker-kueken.de\/index.php?rest_route=\/wp\/v2\/pages"}],"about":[{"href":"http:\/\/hetzenecker-kueken.de\/index.php?rest_route=\/wp\/v2\/types\/page"}],"author":[{"embeddable":true,"href":"http:\/\/hetzenecker-kueken.de\/index.php?rest_route=\/wp\/v2\/users\/1"}],"replies":[{"embeddable":true,"href":"http:\/\/hetzenecker-kueken.de\/index.php?rest_route=%2Fwp%2Fv2%2Fcomments&post=51"}],"version-history":[{"count":5,"href":"http:\/\/hetzenecker-kueken.de\/index.php?rest_route=\/wp\/v2\/pages\/51\/revisions"}],"predecessor-version":[{"id":144,"href":"http:\/\/hetzenecker-kueken.de\/index.php?rest_route=\/wp\/v2\/pages\/51\/revisions\/144"}],"up":[{"embeddable":true,"href":"http:\/\/hetzenecker-kueken.de\/index.php?rest_route=\/wp\/v2\/pages\/101"}],"wp:attachment":[{"href":"http:\/\/hetzenecker-kueken.de\/index.php?rest_route=%2Fwp%2Fv2%2Fmedia&parent=51"}],"curies":[{"name":"wp","href":"https:\/\/api.w.org\/{rel}","templated":true}]}}