{"id":49,"date":"2014-02-07T19:25:20","date_gmt":"2014-02-07T19:25:20","guid":{"rendered":"http:\/\/hetzenecker-kueken.de\/?page_id=49"},"modified":"2014-02-21T10:12:20","modified_gmt":"2014-02-21T10:12:20","slug":"mastkueken","status":"publish","type":"page","link":"http:\/\/hetzenecker-kueken.de\/?page_id=49","title":{"rendered":"Mastk\u00fcken"},"content":{"rendered":"<p><b>Biomastk\u00fcken wei\u00df (Hubbard I 757)<\/b><\/p>\n<p><a href=\"http:\/\/hetzenecker-kueken.de\/wp-content\/uploads\/2014\/02\/mastkueken-weiss_fotor.jpg\"><img loading=\"lazy\" decoding=\"async\" class=\"size-full wp-image-129 alignleft\" alt=\"mastkueken weiss_fotor\" src=\"http:\/\/hetzenecker-kueken.de\/wp-content\/uploads\/2014\/02\/mastkueken-weiss_fotor.jpg\" width=\"142\" height=\"142\" srcset=\"http:\/\/hetzenecker-kueken.de\/wp-content\/uploads\/2014\/02\/mastkueken-weiss_fotor.jpg 142w, http:\/\/hetzenecker-kueken.de\/wp-content\/uploads\/2014\/02\/mastkueken-weiss_fotor-50x50.jpg 50w\" sizes=\"auto, (max-width: 142px) 100vw, 142px\" \/><\/a><\/p>\n<ul>\n<li>gut geeignet f\u00fcr Auslaufhaltung<\/li>\n<li>vital<\/li>\n<li>schnellw\u00fcchsig<\/li>\n<li>ohne Beinprobleme<\/li>\n<li>K\u00fcken schl\u00fcpfen von M\u00e4rz bis November jede Woche, im Winter zweiw\u00f6chentlich<\/li>\n<li>Bestellung: 4 Wochen vor gew\u00fcnschtem Schlupftermin, ganzj\u00e4hrig<\/li>\n<\/ul>\n<p>[table id=1 \/]<\/p>\n<p>Diese Leistungsdaten sind Richtwerte, bei Biof\u00fctterung muss man ca. 10 % l\u00e4ngere Mastdauer rechnen.<\/p>\n<p>______________________________________________________________________________________<\/p>\n<p><b>Biomastk\u00fcken rot (Hubbard S 457, RED BRO)<\/b><\/p>\n<p><a href=\"http:\/\/hetzenecker-kueken.de\/wp-content\/uploads\/2014\/02\/Mastkueken-rot_fotor.jpg\"><img loading=\"lazy\" decoding=\"async\" class=\"wp-image-131 alignleft\" alt=\"Mastkueken rot_fotor\" src=\"http:\/\/hetzenecker-kueken.de\/wp-content\/uploads\/2014\/02\/Mastkueken-rot_fotor.jpg\" width=\"157\" height=\"157\" srcset=\"http:\/\/hetzenecker-kueken.de\/wp-content\/uploads\/2014\/02\/Mastkueken-rot_fotor.jpg 224w, http:\/\/hetzenecker-kueken.de\/wp-content\/uploads\/2014\/02\/Mastkueken-rot_fotor-150x150.jpg 150w, http:\/\/hetzenecker-kueken.de\/wp-content\/uploads\/2014\/02\/Mastkueken-rot_fotor-50x50.jpg 50w\" sizes=\"auto, (max-width: 157px) 100vw, 157px\" \/><\/a><\/p>\n<ul>\n<li>besonders geeignet f\u00fcr Auslaufhaltung<\/li>\n<li>vereinigt alle Fleischqualit\u00e4tsmerkmale: feine Haut, nat\u00fcrliche Fleischf\u00e4rbung, kerniger Geschmack, feine Fleischfaser, geringer Wasser- und Fettanteil<\/li>\n<li>K\u00fcken schl\u00fcpfen von M\u00e4rz bis September<\/li>\n<li>Vorbestellung: mindestens 4 Wochen im Voraus<\/li>\n<\/ul>\n<p>&nbsp;<\/p>\n<p>[table id=2 \/]<\/p>\n<p>Diese Leistungsdaten sind Richtwerte, bei Biof\u00fctterung muss man ca. 10 % l\u00e4ngere Mastdauer rechnen.<\/p>\n","protected":false},"excerpt":{"rendered":"<p>Biomastk\u00fcken wei\u00df (Hubbard I 757) gut geeignet f\u00fcr Auslaufhaltung vital schnellw\u00fcchsig ohne Beinprobleme K\u00fcken schl\u00fcpfen von M\u00e4rz bis November jede Woche, im Winter zweiw\u00f6chentlich Bestellung: 4 Wochen vor gew\u00fcnschtem Schlupftermin, ganzj\u00e4hrig [table id=1 \/] Diese Leistungsdaten sind Richtwerte, bei Biof\u00fctterung muss man ca. 10 % l\u00e4ngere Mastdauer rechnen. ______________________________________________________________________________________ Biomastk\u00fcken rot (Hubbard S 457, RED&hellip;<\/p>\n","protected":false},"author":1,"featured_media":0,"parent":101,"menu_order":12,"comment_status":"closed","ping_status":"closed","template":"","meta":{"footnotes":""},"class_list":["post-49","page","type-page","status-publish","hentry"],"_links":{"self":[{"href":"http:\/\/hetzenecker-kueken.de\/index.php?rest_route=\/wp\/v2\/pages\/49","targetHints":{"allow":["GET"]}}],"collection":[{"href":"http:\/\/hetzenecker-kueken.de\/index.php?rest_route=\/wp\/v2\/pages"}],"about":[{"href":"http:\/\/hetzenecker-kueken.de\/index.php?rest_route=\/wp\/v2\/types\/page"}],"author":[{"embeddable":true,"href":"http:\/\/hetzenecker-kueken.de\/index.php?rest_route=\/wp\/v2\/users\/1"}],"replies":[{"embeddable":true,"href":"http:\/\/hetzenecker-kueken.de\/index.php?rest_route=%2Fwp%2Fv2%2Fcomments&post=49"}],"version-history":[{"count":10,"href":"http:\/\/hetzenecker-kueken.de\/index.php?rest_route=\/wp\/v2\/pages\/49\/revisions"}],"predecessor-version":[{"id":135,"href":"http:\/\/hetzenecker-kueken.de\/index.php?rest_route=\/wp\/v2\/pages\/49\/revisions\/135"}],"up":[{"embeddable":true,"href":"http:\/\/hetzenecker-kueken.de\/index.php?rest_route=\/wp\/v2\/pages\/101"}],"wp:attachment":[{"href":"http:\/\/hetzenecker-kueken.de\/index.php?rest_route=%2Fwp%2Fv2%2Fmedia&parent=49"}],"curies":[{"name":"wp","href":"https:\/\/api.w.org\/{rel}","templated":true}]}}