{"id":45,"date":"2014-02-07T19:22:31","date_gmt":"2014-02-07T19:22:31","guid":{"rendered":"http:\/\/hetzenecker-kueken.de\/?page_id=45"},"modified":"2014-02-21T10:13:12","modified_gmt":"2014-02-21T10:13:12","slug":"puten","status":"publish","type":"page","link":"http:\/\/hetzenecker-kueken.de\/?page_id=45","title":{"rendered":"Puten"},"content":{"rendered":"<p><strong>Jungputen aus Bioaufzucht<\/strong><\/p>\n<p><a href=\"http:\/\/hetzenecker-kueken.de\/wp-content\/uploads\/2014\/02\/puten-fotor.jpg\"><img loading=\"lazy\" decoding=\"async\" class=\"alignleft  wp-image-136\" alt=\"puten-fotor\" src=\"http:\/\/hetzenecker-kueken.de\/wp-content\/uploads\/2014\/02\/puten-fotor.jpg\" width=\"210\" height=\"210\" srcset=\"http:\/\/hetzenecker-kueken.de\/wp-content\/uploads\/2014\/02\/puten-fotor.jpg 300w, http:\/\/hetzenecker-kueken.de\/wp-content\/uploads\/2014\/02\/puten-fotor-150x150.jpg 150w, http:\/\/hetzenecker-kueken.de\/wp-content\/uploads\/2014\/02\/puten-fotor-50x50.jpg 50w\" sizes=\"auto, (max-width: 210px) 100vw, 210px\" \/><\/a><\/p>\n<p>Wir legen regelm\u00e4\u00dfig Bruteier der Linien Converter und Bronce708 aus konventionellem Zukauf ein. Die geschl\u00fcpften Putenk\u00fcken werden mit Biofutter aufgezogen, gegen TRT, ND und HE geimpft und mit 6 \u2013 8 Wochen Alter abgegeben.<\/p>\n<ul>\n<li>K\u00fcken schl\u00fcpfen ganzj\u00e4hrig alle 8 Wochen<\/li>\n<li>Bestellung: 3 Monate im Voraus: ganzj\u00e4hrig<\/li>\n<\/ul>\n","protected":false},"excerpt":{"rendered":"<p>Jungputen aus Bioaufzucht Wir legen regelm\u00e4\u00dfig Bruteier der Linien Converter und Bronce708 aus konventionellem Zukauf ein. Die geschl\u00fcpften Putenk\u00fcken werden mit Biofutter aufgezogen, gegen TRT, ND und HE geimpft und mit 6 \u2013 8 Wochen Alter abgegeben. K\u00fcken schl\u00fcpfen ganzj\u00e4hrig alle 8 Wochen Bestellung: 3 Monate im Voraus: ganzj\u00e4hrig<\/p>\n","protected":false},"author":1,"featured_media":0,"parent":101,"menu_order":11,"comment_status":"closed","ping_status":"closed","template":"","meta":{"footnotes":""},"class_list":["post-45","page","type-page","status-publish","hentry"],"_links":{"self":[{"href":"http:\/\/hetzenecker-kueken.de\/index.php?rest_route=\/wp\/v2\/pages\/45","targetHints":{"allow":["GET"]}}],"collection":[{"href":"http:\/\/hetzenecker-kueken.de\/index.php?rest_route=\/wp\/v2\/pages"}],"about":[{"href":"http:\/\/hetzenecker-kueken.de\/index.php?rest_route=\/wp\/v2\/types\/page"}],"author":[{"embeddable":true,"href":"http:\/\/hetzenecker-kueken.de\/index.php?rest_route=\/wp\/v2\/users\/1"}],"replies":[{"embeddable":true,"href":"http:\/\/hetzenecker-kueken.de\/index.php?rest_route=%2Fwp%2Fv2%2Fcomments&post=45"}],"version-history":[{"count":5,"href":"http:\/\/hetzenecker-kueken.de\/index.php?rest_route=\/wp\/v2\/pages\/45\/revisions"}],"predecessor-version":[{"id":137,"href":"http:\/\/hetzenecker-kueken.de\/index.php?rest_route=\/wp\/v2\/pages\/45\/revisions\/137"}],"up":[{"embeddable":true,"href":"http:\/\/hetzenecker-kueken.de\/index.php?rest_route=\/wp\/v2\/pages\/101"}],"wp:attachment":[{"href":"http:\/\/hetzenecker-kueken.de\/index.php?rest_route=%2Fwp%2Fv2%2Fmedia&parent=45"}],"curies":[{"name":"wp","href":"https:\/\/api.w.org\/{rel}","templated":true}]}}