{"id":36,"date":"2014-02-07T19:14:27","date_gmt":"2014-02-07T19:14:27","guid":{"rendered":"http:\/\/hetzenecker-kueken.de\/?page_id=36"},"modified":"2014-02-21T10:37:11","modified_gmt":"2014-02-21T10:37:11","slug":"agb","status":"publish","type":"page","link":"http:\/\/hetzenecker-kueken.de\/?page_id=36","title":{"rendered":"AGB"},"content":{"rendered":"<p>Sehr geehrter Kunde,<\/p>\n<p>die Gefl\u00fcgelzucht Hetzenecker wird von einem Tierarzt betreut und f\u00fchrt regelm\u00e4\u00dfig vorgeschriebene Untersuchungen im Rahmen der Salmonellenkontrolle durch.<br \/>\nVor Abgabe an den Kunden werden unsere K\u00fcken bzw. Junghennen in Zusammenarbeit mit unserem Tierarzt gegen aktuelle Viruserkrankungen geimpft. Unser Gefl\u00fcgel wird vor Verkauf von Fachpersonal \u00fcberpr\u00fcft und nur klinisch gesunde Tiere werden abgegeben. Sollte dennoch einmal ein Grund zu einer Reklamation bestehen, setzen Sie uns umgehend per Telefon davon in Kenntnis. Wir beraten Sie gerne bei Problemen und helfen Ihnen soweit m\u00f6glich.<\/p>\n<p>Da wir nach Verkauf des Gefl\u00fcgels an den Kunden keinen weiteren Einfluss auf Weitertransport, Haltung, F\u00fctterung usw. nehmen k\u00f6nnen, haften wir nicht f\u00fcr Ersatzforderungen wie z.B. Erkrankungen, Leistungsminderung, Verdienstausfall, Tierarztkosten, Stallreinigung oder Unf\u00e4lle bei den gelieferten oder anderen Tieren. Daher werden nur Verluste der verkauften Tiere in den ersten 48 Stunden nach Lieferung anerkannt, die die Zugabe \u00fcbersteigen, sofern die Berechtigung durch einen anerkannten Sachverst\u00e4ndigen unverz\u00fcglich schriftlich mitgeteilt wird. Der Verk\u00e4ufer kann wahlweise durch Geld oder Nachlieferung Ersatz leisten.<\/p>\n<p>Wir bem\u00fchen uns dem Kunden zugesagte Liefertermine und Liefermengen einzuhalten, allerdings behalten wir uns vor in Ausnahmef\u00e4llen die Lieferung entweder in Teilmengen oder insgesamt von 21 Tagen nach dem urspr\u00fcnglichen Liefertermin durchzuf\u00fchren.<\/p>\n<p>Der Kunde ist beim Kauf dazu verpflichtet, sich selbst \u00fcber die genaue St\u00fcckzahl und die Gesundheit jeden Tieres zu vergewissern. Anspr\u00fcche diesbez\u00fcglich, die nach dem Kaufabschluss mitgeteilt werden, werden grunds\u00e4tzlich nicht anerkannt.<br \/>\nMastgefl\u00fcgel wird grunds\u00e4tzlich unsortiert abgegeben; bei m\u00fcndlicher Zusage eines bestimmten Geschlechtsverh\u00e4ltnisses bem\u00fchen wir uns diese Zusage einzuhalten, ohne dass der Kunde einen Anspruch darauf erheben kann.<\/p>\n<p>Alle unsere Preise gelten innerhalb Deutschlands einschlie\u00dflich der gesetzlichen Mehrwertsteuer, ab Neumarkt St. Veit, soweit nicht anders vereinbart.<br \/>\nDer Rechnungsbetrag ist innerhalb 2 Wochen nach Erhalt der Rechnung zu begleichen. Danach werden Verzugszinsen in der \u00fcblichen Zinsh\u00f6he f\u00e4llig. Die verkauften\/gelieferten Tiere, Futtermittel und Gefl\u00fcgelbedarf bleiben bis zur vollst\u00e4ndigen Bezahlung Eigentum der Gefl\u00fcgelzucht Hetzenecker.<\/p>\n<p>Bei Lieferung mit Expressdienst:<br \/>\nGrunds\u00e4tzlich garantieren wir f\u00fcr die unversehrte Anlieferung der K\u00fcken. Das Gefl\u00fcgel wird von uns in optimale Verpackungen mit entsprechender Bel\u00fcftung gesetzt.<br \/>\nKontrollieren Sie jede erhaltene Sendung auf Vollst\u00e4ndigkeit und die Kartons auf \u00e4u\u00dferliche Einfl\u00fcsse wie Besch\u00e4digungen oder Wasserschaden. Lassen Sie sich vom Auslieferdienst etwaige Transportverluste schriftlich best\u00e4tigen und informieren Sie uns sofort telefonisch.<\/p>\n<p>Die Gesch\u00e4ftsbedingungen sind im Verkaufsraum der Gefl\u00fcgelzucht Hetzenecker ausgeh\u00e4ngt, auf unserer Homepage einsichtbar und auf der R\u00fcckseite jeder Rechnung dargelegt. Mit dem Kauf von Gefl\u00fcgel aus der Gefl\u00fcgelzucht Hetzenecker werden diese Gesch\u00e4ftsbedingungen vom Kunden ohne Einschr\u00e4nkungen anerkannt.<br \/>\nSollten einzelne Bestimmungen dieser Verkaufsbedingungen unwirksam sein oder werden, ber\u00fchrt dies nicht die Wirksamkeit der \u00fcbrigen Bestimmungen insgesamt. Gleiches gilt, wenn L\u00fccken in den Gesch\u00e4ftsbedingungen offenbar werden. Die jeweils entfallene oder fehlende Bestimmung ist f\u00fcr diesen Fall durch eine dem Sinn und Zweck dieser Gesch\u00e4ftsbedingung entsprechende Bestimmung zu ersetzen.<\/p>\n<p>Haftungsausschlu\u00df f\u00fcr externe Links<br \/>\nAls Dienstanbieter sind wir gem\u00e4\u00df \u00a7 7 Abs.1 TMG f\u00fcr eigene Inhalte auf diesen Seiten nach den allgemeinen Gesetzen verantwortlich Die Webseite von <a href=\"http:\/\/www.hetzenecker-kueken.de\">www.hetzenecker-kueken.de<\/a> kann Links zu externen Webseiten Dritter enthalten, auf deren Inhalte wir keinen Einfluss haben. Deshalb k\u00f6nnen wir f\u00fcr diese fremden Inhalte auch keine Gew\u00e4hr \u00fcbernehmen. F\u00fcr die Inhalte der verlinkten Seiten ist stets der jeweilige Anbieter oder Betreiber der Seiten verantwortlich. Die verlinkten Seiten wurden zum Zeitpunkt der Verlinkung auf m\u00f6gliche Rechtsverst\u00f6\u00dfe \u00fcberpr\u00fcft. Rechtswidrige Inhalte waren zum Zeitpunkt der Verlinkung nicht erkennbar. Eine permanente inhaltliche Kontrolle der verlinkten Seiten ist jedoch ohne konkrete Anhaltspunkte einer Rechtsverletzung nicht zumutbar. Bei Bekanntwerden von Rechtsverletzungen werden wir derartige Links umgehend entfernen.<\/p>\n<p>Neumarkt St. Veit. 1.1.2010<br \/>\nChristian Hetzenecker<\/p>\n<p>&nbsp;<\/p>\n<p><b>\u00a0<\/b><\/p>\n","protected":false},"excerpt":{"rendered":"<p>Sehr geehrter Kunde, die Gefl\u00fcgelzucht Hetzenecker wird von einem Tierarzt betreut und f\u00fchrt regelm\u00e4\u00dfig vorgeschriebene Untersuchungen im Rahmen der Salmonellenkontrolle durch. Vor Abgabe an den Kunden werden unsere K\u00fcken bzw. Junghennen in Zusammenarbeit mit unserem Tierarzt gegen aktuelle Viruserkrankungen geimpft. Unser Gefl\u00fcgel wird vor Verkauf von Fachpersonal \u00fcberpr\u00fcft und nur klinisch gesunde Tiere werden abgegeben.&hellip;<\/p>\n","protected":false},"author":1,"featured_media":0,"parent":0,"menu_order":0,"comment_status":"closed","ping_status":"closed","template":"","meta":{"footnotes":""},"class_list":["post-36","page","type-page","status-publish","hentry"],"_links":{"self":[{"href":"http:\/\/hetzenecker-kueken.de\/index.php?rest_route=\/wp\/v2\/pages\/36","targetHints":{"allow":["GET"]}}],"collection":[{"href":"http:\/\/hetzenecker-kueken.de\/index.php?rest_route=\/wp\/v2\/pages"}],"about":[{"href":"http:\/\/hetzenecker-kueken.de\/index.php?rest_route=\/wp\/v2\/types\/page"}],"author":[{"embeddable":true,"href":"http:\/\/hetzenecker-kueken.de\/index.php?rest_route=\/wp\/v2\/users\/1"}],"replies":[{"embeddable":true,"href":"http:\/\/hetzenecker-kueken.de\/index.php?rest_route=%2Fwp%2Fv2%2Fcomments&post=36"}],"version-history":[{"count":4,"href":"http:\/\/hetzenecker-kueken.de\/index.php?rest_route=\/wp\/v2\/pages\/36\/revisions"}],"predecessor-version":[{"id":158,"href":"http:\/\/hetzenecker-kueken.de\/index.php?rest_route=\/wp\/v2\/pages\/36\/revisions\/158"}],"wp:attachment":[{"href":"http:\/\/hetzenecker-kueken.de\/index.php?rest_route=%2Fwp%2Fv2%2Fmedia&parent=36"}],"curies":[{"name":"wp","href":"https:\/\/api.w.org\/{rel}","templated":true}]}}