{"id":34,"date":"2014-02-07T19:13:50","date_gmt":"2014-02-07T19:13:50","guid":{"rendered":"http:\/\/hetzenecker-kueken.de\/?page_id=34"},"modified":"2014-02-08T11:07:27","modified_gmt":"2014-02-08T11:07:27","slug":"zubehoer","status":"publish","type":"page","link":"http:\/\/hetzenecker-kueken.de\/?page_id=34","title":{"rendered":"Zubeh\u00f6r"},"content":{"rendered":"<p><b>Bio Futtermittel<\/b><\/p>\n<p>wir verf\u00fcttern in unserer Biogefl\u00fcgelzucht z.B. Bio Elterntierfutter f\u00fcr Legeh\u00fchner, bzw. f\u00fcr Enten und G\u00e4nse, G1 Biostarter f\u00fcr K\u00fcken. Zus\u00e4tzlich k\u00f6nnen die Elterntiere auf unseren biozertifizierten Auslauffl\u00e4chen weiden und sie erhalten Biohafer von einem nahe gelegenen Biobauern<\/p>\n<p>F\u00fcr unsere Biokunden geben wir auch ab<\/p>\n<ul>\n<li><b>Biostarter G1 f\u00fcr K\u00fcken in 25 kg S\u00e4cken f\u00fcr die Anfangsphase<\/b><\/li>\n<li><b>konventionelles Futtermittel<\/b><\/li>\n<\/ul>\n<p>Im Verkauf haben wir f\u00fcr unsere Kunden auch konventionelles Futter. Unser Legemehl ist <b>gentechnikfrei<\/b> und enth\u00e4lt <b>keine Antibiotika, Fischmehl oder Tiermehl<\/b>, genauso wie unser Aufzucht- und Mastfutter. Dieses enth\u00e4lt au\u00dferdem nach eigener Rezeptur eine Kr\u00e4utermischung, die sich positiv auf die Darmflora auswirkt und die Vermehrung von Bakterien hemmt.<\/p>\n<table cellspacing=\"0\" cellpadding=\"0\">\n<tbody>\n<tr>\n<td valign=\"top\"><b>Starterfutter<\/b><\/p>\n<p><b>Aufzuchtfutter<\/b><\/p>\n<p><b>Aufzuchtfutter<\/b><\/p>\n<p><b>Legemehl<\/b><b><\/p>\n<p><\/b><\/td>\n<td valign=\"top\">Mehl gek\u00f6rnt, mit Kr\u00e4uter<\/p>\n<p>gek\u00f6rnt 3 mm, mit Kr\u00e4uter<\/p>\n<p>Mehl, mit Kr\u00e4uter<\/p>\n<p>grob geschrotet<\/td>\n<td valign=\"top\">1. &#8211; 14 Tag<\/p>\n<p>14. Tag bis Legereife<\/p>\n<p>14. Tag bis Legereife<\/td>\n<td valign=\"top\">5 kg und 25 kg<\/p>\n<p>25 kg<\/p>\n<p>25 kg<\/p>\n<p>25 kg<\/td>\n<\/tr>\n<\/tbody>\n<\/table>\n<p>&nbsp;<\/p>\n<p><b>Zuchtzubeh\u00f6r<\/b><\/p>\n<p>Sie erhalten von uns auch verschiedenen Gefl\u00fcgelzuchtbedarf wie Tr\u00f6ge und Tr\u00e4nken.<\/p>\n<div>\n<p>Diese Artikel und weitere haben wir lagernd auf Vorrat. Sie k\u00f6nnen bei uns aber auch Ger\u00e4te von Herstellern oder Gro\u00dfh\u00e4ndlern (KA-RI, Siepmann, Schwengber, Baywa, BRUJA, WESTERHOFF u.a.) bei uns bestellen. So k\u00f6nnen sie Rupfmaschinen, Br\u00fchkessel, Schlachtanlagen, automatische Legenester und vieles mehr um bis zu 10 % g\u00fcnstiger als der Listenpreis von uns erhalten. Sagen Sie uns was Sie ben\u00f6tigen, wir machen Ihnen ein Angebot!<\/p>\n<p><b>Basteleier<\/b><\/p>\n<p>Wir verkaufen wenn vorr\u00e4tig H\u00fchnereier, Enteneier und G\u00e4nseeier zum Selberausblasen<\/p>\n<p>100 H\u00fchnereier 10,- Euro<br \/>\n100 Enteneier 10,- Euro<br \/>\n10 G\u00e4nseeier 5,- Euro<\/p>\n<p>Sie k\u00f6nnen von uns bereits fertig ausgeblasene G\u00e4nseeier erhalten. Sie sind gewaschen, aber nicht gebleicht, haben am spitzen Ende ein kleines Loch und am runden Ende ein gr\u00f6\u00dferes sauber gefr\u00e4stes Loch. St\u00e4ndig vorr\u00e4tig:<\/p>\n<p>1 G\u00e4nseei\u00a0 1,50 \u20ac<\/p>\n<\/div>\n","protected":false},"excerpt":{"rendered":"<p>Bio Futtermittel wir verf\u00fcttern in unserer Biogefl\u00fcgelzucht z.B. Bio Elterntierfutter f\u00fcr Legeh\u00fchner, bzw. f\u00fcr Enten und G\u00e4nse, G1 Biostarter f\u00fcr K\u00fcken. Zus\u00e4tzlich k\u00f6nnen die Elterntiere auf unseren biozertifizierten Auslauffl\u00e4chen weiden und sie erhalten Biohafer von einem nahe gelegenen Biobauern F\u00fcr unsere Biokunden geben wir auch ab Biostarter G1 f\u00fcr K\u00fcken in 25 kg S\u00e4cken f\u00fcr&hellip;<\/p>\n","protected":false},"author":1,"featured_media":0,"parent":104,"menu_order":9,"comment_status":"closed","ping_status":"closed","template":"","meta":{"footnotes":""},"class_list":["post-34","page","type-page","status-publish","hentry"],"_links":{"self":[{"href":"http:\/\/hetzenecker-kueken.de\/index.php?rest_route=\/wp\/v2\/pages\/34","targetHints":{"allow":["GET"]}}],"collection":[{"href":"http:\/\/hetzenecker-kueken.de\/index.php?rest_route=\/wp\/v2\/pages"}],"about":[{"href":"http:\/\/hetzenecker-kueken.de\/index.php?rest_route=\/wp\/v2\/types\/page"}],"author":[{"embeddable":true,"href":"http:\/\/hetzenecker-kueken.de\/index.php?rest_route=\/wp\/v2\/users\/1"}],"replies":[{"embeddable":true,"href":"http:\/\/hetzenecker-kueken.de\/index.php?rest_route=%2Fwp%2Fv2%2Fcomments&post=34"}],"version-history":[{"count":1,"href":"http:\/\/hetzenecker-kueken.de\/index.php?rest_route=\/wp\/v2\/pages\/34\/revisions"}],"predecessor-version":[{"id":35,"href":"http:\/\/hetzenecker-kueken.de\/index.php?rest_route=\/wp\/v2\/pages\/34\/revisions\/35"}],"up":[{"embeddable":true,"href":"http:\/\/hetzenecker-kueken.de\/index.php?rest_route=\/wp\/v2\/pages\/104"}],"wp:attachment":[{"href":"http:\/\/hetzenecker-kueken.de\/index.php?rest_route=%2Fwp%2Fv2%2Fmedia&parent=34"}],"curies":[{"name":"wp","href":"https:\/\/api.w.org\/{rel}","templated":true}]}}