{"id":32,"date":"2014-02-07T19:11:48","date_gmt":"2014-02-07T19:11:48","guid":{"rendered":"http:\/\/hetzenecker-kueken.de\/?page_id=32"},"modified":"2014-02-07T19:11:48","modified_gmt":"2014-02-07T19:11:48","slug":"ausbildung","status":"publish","type":"page","link":"http:\/\/hetzenecker-kueken.de\/?page_id=32","title":{"rendered":"Ausbildung"},"content":{"rendered":"<p>Wir sind anerkannter Lehrbetrieb und bilden aus f\u00fcr<\/p>\n<p><b>Tierwirt, Fachrichtung Gefl\u00fcgel<\/b><\/p>\n<p>betrieblicher Ausbildungsbeginn 1. September<br \/>\nBerufsgrundschuljahr in der Landwirtschaft + Lehrdauer 2 Jahre<\/p>\n<p>Voraussetzungen: abgeschlossene Schulausbildung, normale Kenntnisse in Deutsch und Mathematik, Lernwillen, Zuverl\u00e4ssigkeit, Ehrlichkeit<\/p>\n<p>Sollten Sie interessiert sein, senden Sie uns Ihre aussagekr\u00e4ftige schriftliche Bewerbung mit Foto.<\/p>\n<p>Wir vereinbaren unter Umst\u00e4nden mit Ihnen einen Termin f\u00fcr eine Praktikumswoche in den Oster- oder Pfingstferien. Bei Eignung erhalten Sie einen Ausbildungsvertrag mit Berufsschulbeginn September, betrieblicher Ausbildungsbeginn im darauf folgenden September.<\/p>\n","protected":false},"excerpt":{"rendered":"<p>Wir sind anerkannter Lehrbetrieb und bilden aus f\u00fcr Tierwirt, Fachrichtung Gefl\u00fcgel betrieblicher Ausbildungsbeginn 1. September Berufsgrundschuljahr in der Landwirtschaft + Lehrdauer 2 Jahre Voraussetzungen: abgeschlossene Schulausbildung, normale Kenntnisse in Deutsch und Mathematik, Lernwillen, Zuverl\u00e4ssigkeit, Ehrlichkeit Sollten Sie interessiert sein, senden Sie uns Ihre aussagekr\u00e4ftige schriftliche Bewerbung mit Foto. Wir vereinbaren unter Umst\u00e4nden mit Ihnen einen&hellip;<\/p>\n","protected":false},"author":1,"featured_media":0,"parent":0,"menu_order":8,"comment_status":"closed","ping_status":"closed","template":"","meta":{"footnotes":""},"class_list":["post-32","page","type-page","status-publish","hentry"],"_links":{"self":[{"href":"http:\/\/hetzenecker-kueken.de\/index.php?rest_route=\/wp\/v2\/pages\/32","targetHints":{"allow":["GET"]}}],"collection":[{"href":"http:\/\/hetzenecker-kueken.de\/index.php?rest_route=\/wp\/v2\/pages"}],"about":[{"href":"http:\/\/hetzenecker-kueken.de\/index.php?rest_route=\/wp\/v2\/types\/page"}],"author":[{"embeddable":true,"href":"http:\/\/hetzenecker-kueken.de\/index.php?rest_route=\/wp\/v2\/users\/1"}],"replies":[{"embeddable":true,"href":"http:\/\/hetzenecker-kueken.de\/index.php?rest_route=%2Fwp%2Fv2%2Fcomments&post=32"}],"version-history":[{"count":1,"href":"http:\/\/hetzenecker-kueken.de\/index.php?rest_route=\/wp\/v2\/pages\/32\/revisions"}],"predecessor-version":[{"id":33,"href":"http:\/\/hetzenecker-kueken.de\/index.php?rest_route=\/wp\/v2\/pages\/32\/revisions\/33"}],"wp:attachment":[{"href":"http:\/\/hetzenecker-kueken.de\/index.php?rest_route=%2Fwp%2Fv2%2Fmedia&parent=32"}],"curies":[{"name":"wp","href":"https:\/\/api.w.org\/{rel}","templated":true}]}}