{"id":30,"date":"2014-02-07T19:10:51","date_gmt":"2014-02-07T19:10:51","guid":{"rendered":"http:\/\/hetzenecker-kueken.de\/?page_id=30"},"modified":"2019-03-19T10:55:22","modified_gmt":"2019-03-19T10:55:22","slug":"zertifikat","status":"publish","type":"page","link":"http:\/\/hetzenecker-kueken.de\/?page_id=30","title":{"rendered":"Zertifikat"},"content":{"rendered":"<p>Zum Runterladen:<\/p>\n<p><b>Zertifikate 2018\/2019:<\/b><\/p>\n<p><a href=\"http:\/\/hetzenecker-kueken.de\/wp-content\/uploads\/2018\/03\/2018.pdf\">2018<\/a>\u00a0 \u00a0 \u00a0&amp; \u00a0\u00a0 \u00a0\u00a0 <a href=\"http:\/\/hetzenecker-kueken.de\/wp-content\/uploads\/2019\/03\/zertifikat-2019.pdf\">zertifikat-2019<\/a><\/p>\n<p><b>Name:<\/b><\/p>\n<p>Christian\u00a0Hetzenecker Gefl\u00fcgelzucht und Br\u00fcterei<\/p>\n<p><b>Adresse:<\/b><\/p>\n<p>Elsenbacher Str. 35<\/p>\n<p><b>Stadt:<\/b><\/p>\n<p>84494 Neumarkt, Deutschland<\/p>\n<p><b>Codenummer:<\/b><\/p>\n<p>DE-\u00d6KO-005<\/p>\n<p><b>Kontrollnummer:<\/b><\/p>\n<p>D-BY-005-33210-A<\/p>\n<p><b>\u00a0<\/b><\/p>\n","protected":false},"excerpt":{"rendered":"<p>Zum Runterladen: Zertifikate 2018\/2019: 2018\u00a0 \u00a0 \u00a0&amp; \u00a0\u00a0 \u00a0\u00a0 zertifikat-2019 Name: Christian\u00a0Hetzenecker Gefl\u00fcgelzucht und Br\u00fcterei Adresse: Elsenbacher Str. 35 Stadt: 84494 Neumarkt, Deutschland Codenummer: DE-\u00d6KO-005 Kontrollnummer: D-BY-005-33210-A \u00a0<\/p>\n","protected":false},"author":1,"featured_media":0,"parent":104,"menu_order":7,"comment_status":"closed","ping_status":"closed","template":"","meta":{"footnotes":""},"class_list":["post-30","page","type-page","status-publish","hentry"],"_links":{"self":[{"href":"http:\/\/hetzenecker-kueken.de\/index.php?rest_route=\/wp\/v2\/pages\/30","targetHints":{"allow":["GET"]}}],"collection":[{"href":"http:\/\/hetzenecker-kueken.de\/index.php?rest_route=\/wp\/v2\/pages"}],"about":[{"href":"http:\/\/hetzenecker-kueken.de\/index.php?rest_route=\/wp\/v2\/types\/page"}],"author":[{"embeddable":true,"href":"http:\/\/hetzenecker-kueken.de\/index.php?rest_route=\/wp\/v2\/users\/1"}],"replies":[{"embeddable":true,"href":"http:\/\/hetzenecker-kueken.de\/index.php?rest_route=%2Fwp%2Fv2%2Fcomments&post=30"}],"version-history":[{"count":21,"href":"http:\/\/hetzenecker-kueken.de\/index.php?rest_route=\/wp\/v2\/pages\/30\/revisions"}],"predecessor-version":[{"id":210,"href":"http:\/\/hetzenecker-kueken.de\/index.php?rest_route=\/wp\/v2\/pages\/30\/revisions\/210"}],"up":[{"embeddable":true,"href":"http:\/\/hetzenecker-kueken.de\/index.php?rest_route=\/wp\/v2\/pages\/104"}],"wp:attachment":[{"href":"http:\/\/hetzenecker-kueken.de\/index.php?rest_route=%2Fwp%2Fv2%2Fmedia&parent=30"}],"curies":[{"name":"wp","href":"https:\/\/api.w.org\/{rel}","templated":true}]}}