{"id":14,"date":"2014-02-07T18:59:09","date_gmt":"2014-02-07T18:59:09","guid":{"rendered":"http:\/\/hetzenecker-kueken.de\/?page_id=14"},"modified":"2014-05-20T11:41:24","modified_gmt":"2014-05-20T11:41:24","slug":"lieferung","status":"publish","type":"page","link":"http:\/\/hetzenecker-kueken.de\/?page_id=14","title":{"rendered":"Lieferung"},"content":{"rendered":"<p>Sie k\u00f6nnen Ihr Gefl\u00fcgel auf verschiedenen Wegen von uns erhalten:<\/p>\n<p><b>Selbstabholung<\/b><br \/>\nSie k\u00f6nnen Ihr Gefl\u00fcgel nach Vorbestellung zu unseren Gesch\u00e4ftszeiten abholen.<\/p>\n<p><b>Versand per Expresslieferdienst &#8211; zurzeit nicht m\u00f6glich &#8211;\u00a0<\/b><\/p>\n<p><b>Auslieferung auf Sammelfahrt<\/b><br \/>\nwir fahren alle 2 &#8211; 3 Wochen in folgende Richtungen Sammelfahrten aus. F\u00fcr einige Richtungen haben wir auch Ansprechpartner vor Ort, bei denen Sie Ihre Bestellungen aufgeben und evtl. abholen k\u00f6nnen.<\/p>\n<p>Der Frachtkostenanteil bzw. Anfahrtpauschale liegt bei 10,- \u20ac im Nahbereich, 25,- \u20ac bis 50,- \u20ac Mittel und 200 bis 300,- \u20ac Fernstrecke unabh\u00e4ngig von der Liefermenge.<\/p>\n<p><b>Feste Lieferfahrten Richtung<\/b>: Bad F\u00fcssing, Traunstein, Rosenheim, Wasserburg, Dachau, F\u00fcrstenfeldbruck, Landsberg, Mindelheim, Weingarten, Ulm, Heidenheim, Augsburg, Regensburg, Schwandorf, N\u00fcrnberg, Weiden, Wallersdorf, Waldkirchen, Linz<\/p>\n<p><b>Unsere Ansprechpartner:<\/b><\/p>\n<ul>\n<li>Meilhammer Anneliese, Egglfing, Quellengasse 5, 94072 Bad F\u00fcssing Tel. 08537\/785<\/li>\n<li>Brandst\u00e4tter Matthias, Langmoos 11, 83278 Traunstein, Tel. 0861\/60342<\/li>\n<li>Herfurtner Marianne, Neudeck 18, 83547 Babensham, Tel. 08071\/6597<\/li>\n<li>Steer Sepp, Mitterweg 30, 94522 Wallersdorf, Tel. 09933\/89055<\/li>\n<li>Angerer Brigitte, Schindelstatt, 94118 Jandelsbrunn, Tel. 08583\/1255<\/li>\n<\/ul>\n<p><b>Auslieferung Fernstrecke<\/b><\/p>\n<p>Wir k\u00f6nnen grunds\u00e4tzlich in ganz Deutschland, \u00d6sterreich und den angrenzenden L\u00e4ndern ausliefern. Wir haben z. B. Kunden in Kaiserslautern, G\u00f6ttingen, Rostock, Berlin, Dresden, Gera, Linz, Wien, Salzburg und S\u00fcdtirol. Da diese Kunden nicht regelm\u00e4\u00dfig angefahren werden, m\u00fcssen wir Bestellungen sammeln, damit sich die weite Fahrt lohnt.<\/p>\n","protected":false},"excerpt":{"rendered":"<p>Sie k\u00f6nnen Ihr Gefl\u00fcgel auf verschiedenen Wegen von uns erhalten: Selbstabholung Sie k\u00f6nnen Ihr Gefl\u00fcgel nach Vorbestellung zu unseren Gesch\u00e4ftszeiten abholen. Versand per Expresslieferdienst &#8211; zurzeit nicht m\u00f6glich &#8211;\u00a0 Auslieferung auf Sammelfahrt wir fahren alle 2 &#8211; 3 Wochen in folgende Richtungen Sammelfahrten aus. F\u00fcr einige Richtungen haben wir auch Ansprechpartner vor Ort, bei denen&hellip;<\/p>\n","protected":false},"author":1,"featured_media":0,"parent":104,"menu_order":4,"comment_status":"closed","ping_status":"closed","template":"","meta":{"footnotes":""},"class_list":["post-14","page","type-page","status-publish","hentry"],"_links":{"self":[{"href":"http:\/\/hetzenecker-kueken.de\/index.php?rest_route=\/wp\/v2\/pages\/14","targetHints":{"allow":["GET"]}}],"collection":[{"href":"http:\/\/hetzenecker-kueken.de\/index.php?rest_route=\/wp\/v2\/pages"}],"about":[{"href":"http:\/\/hetzenecker-kueken.de\/index.php?rest_route=\/wp\/v2\/types\/page"}],"author":[{"embeddable":true,"href":"http:\/\/hetzenecker-kueken.de\/index.php?rest_route=\/wp\/v2\/users\/1"}],"replies":[{"embeddable":true,"href":"http:\/\/hetzenecker-kueken.de\/index.php?rest_route=%2Fwp%2Fv2%2Fcomments&post=14"}],"version-history":[{"count":5,"href":"http:\/\/hetzenecker-kueken.de\/index.php?rest_route=\/wp\/v2\/pages\/14\/revisions"}],"predecessor-version":[{"id":164,"href":"http:\/\/hetzenecker-kueken.de\/index.php?rest_route=\/wp\/v2\/pages\/14\/revisions\/164"}],"up":[{"embeddable":true,"href":"http:\/\/hetzenecker-kueken.de\/index.php?rest_route=\/wp\/v2\/pages\/104"}],"wp:attachment":[{"href":"http:\/\/hetzenecker-kueken.de\/index.php?rest_route=%2Fwp%2Fv2%2Fmedia&parent=14"}],"curies":[{"name":"wp","href":"https:\/\/api.w.org\/{rel}","templated":true}]}}