{"id":12,"date":"2014-02-07T18:57:19","date_gmt":"2014-02-07T18:57:19","guid":{"rendered":"http:\/\/hetzenecker-kueken.de\/?page_id=12"},"modified":"2014-02-21T10:30:10","modified_gmt":"2014-02-21T10:30:10","slug":"brueterei","status":"publish","type":"page","link":"http:\/\/hetzenecker-kueken.de\/?page_id=12","title":{"rendered":"Br\u00fcterei"},"content":{"rendered":"<p>Wir lagern unsere Bruteier in einem speziellen Bruteierlagerraum.<\/p>\n<p><img loading=\"lazy\" decoding=\"async\" class=\"alignleft  wp-image-155\" style=\"border-style: initial; border-color: initial; cursor: default; height: auto; max-width: 100%; float: left; display: inline; margin-right: 20px; border-width: 0px;\" alt=\"kukenschlupfklein_fotor\" src=\"http:\/\/hetzenecker-kueken.de\/wp-content\/uploads\/2014\/02\/kukenschlupfklein_fotor.jpg\" width=\"180\" height=\"180\" srcset=\"http:\/\/hetzenecker-kueken.de\/wp-content\/uploads\/2014\/02\/kukenschlupfklein_fotor.jpg 300w, http:\/\/hetzenecker-kueken.de\/wp-content\/uploads\/2014\/02\/kukenschlupfklein_fotor-150x150.jpg 150w, http:\/\/hetzenecker-kueken.de\/wp-content\/uploads\/2014\/02\/kukenschlupfklein_fotor-50x50.jpg 50w\" sizes=\"auto, (max-width: 180px) 100vw, 180px\" \/><\/p>\n<p>Hier werden durch Klimager\u00e4t und Luftbefeuchter die optimalen Lagerbedingungen bis zur Einlage in die Brutmaschine erzeugt.<\/p>\n<p><a style=\"border-style: initial; border-color: initial; font-family: inherit; font-size: 13px; font-style: inherit; font-weight: inherit; outline-width: 0px; outline-style: initial; outline-color: initial; vertical-align: baseline; color: #3a3a3a; border-width: 0px; padding: 0px; margin: 0px;\" href=\"http:\/\/hetzenecker-kueken.de\/wp-content\/uploads\/2014\/02\/IMG_1910.jpg\"><img loading=\"lazy\" decoding=\"async\" class=\"wp-image-148 alignright\" style=\"border-style: initial; border-color: initial; cursor: default; height: auto; max-width: 100%; float: right; display: inline; margin-left: 20px; border-width: 0px;\" alt=\"IMG_1910\" src=\"http:\/\/hetzenecker-kueken.de\/wp-content\/uploads\/2014\/02\/IMG_1910-300x300.jpg\" width=\"180\" height=\"180\" srcset=\"http:\/\/hetzenecker-kueken.de\/wp-content\/uploads\/2014\/02\/IMG_1910-300x300.jpg 300w, http:\/\/hetzenecker-kueken.de\/wp-content\/uploads\/2014\/02\/IMG_1910-150x150.jpg 150w, http:\/\/hetzenecker-kueken.de\/wp-content\/uploads\/2014\/02\/IMG_1910-50x50.jpg 50w, http:\/\/hetzenecker-kueken.de\/wp-content\/uploads\/2014\/02\/IMG_1910.jpg 500w\" sizes=\"auto, (max-width: 180px) 100vw, 180px\" \/><\/a><\/p>\n<p>Wir verwenden 5 moderne PETERSIME Schrankbrutmaschinen mit einer Gesamtkapazit\u00e4t von 84 000 Eipl\u00e4tzen, das hei\u00dft das 84000 Eier auf einmal ausgebr\u00fctet werden k\u00f6nnen.<\/p>\n<p>Die Bruteier werden w\u00e4hrend der Vorbrut einmal geschiert und die unbefruchteten und abgestorbenen Eier entfernt. 3 Tage vor dem Schl\u00fcpfen werden die Bruteier in einen separaten Schlupfbr\u00fcter umgeschoben und durch Begasung desinfiziert.<\/p>\n<p>Nach dem Schlupf, wenn die K\u00fcken getrocknet sind werden sie in Plastikboxen verpackt, evtl. geimpft und dann entweder ausgeliefert oder in den Aufzuchtraum verbracht wo sie angef\u00fcttert werden.<\/p>\n<p><a href=\"http:\/\/hetzenecker-kueken.de\/wp-content\/uploads\/2014\/02\/IMG_1263.jpg\"><img loading=\"lazy\" decoding=\"async\" class=\"alignleft  wp-image-149\" alt=\"IMG_1263\" src=\"http:\/\/hetzenecker-kueken.de\/wp-content\/uploads\/2014\/02\/IMG_1263-300x300.jpg\" width=\"180\" height=\"180\" srcset=\"http:\/\/hetzenecker-kueken.de\/wp-content\/uploads\/2014\/02\/IMG_1263-300x300.jpg 300w, http:\/\/hetzenecker-kueken.de\/wp-content\/uploads\/2014\/02\/IMG_1263-150x150.jpg 150w, http:\/\/hetzenecker-kueken.de\/wp-content\/uploads\/2014\/02\/IMG_1263-50x50.jpg 50w, http:\/\/hetzenecker-kueken.de\/wp-content\/uploads\/2014\/02\/IMG_1263.jpg 500w\" sizes=\"auto, (max-width: 180px) 100vw, 180px\" \/><\/a> <a href=\"http:\/\/hetzenecker-kueken.de\/wp-content\/uploads\/2014\/02\/IMG_1269.jpg\"><img loading=\"lazy\" decoding=\"async\" class=\"alignleft  wp-image-150\" alt=\"IMG_1269\" src=\"http:\/\/hetzenecker-kueken.de\/wp-content\/uploads\/2014\/02\/IMG_1269-300x300.jpg\" width=\"180\" height=\"180\" srcset=\"http:\/\/hetzenecker-kueken.de\/wp-content\/uploads\/2014\/02\/IMG_1269-300x300.jpg 300w, http:\/\/hetzenecker-kueken.de\/wp-content\/uploads\/2014\/02\/IMG_1269-150x150.jpg 150w, http:\/\/hetzenecker-kueken.de\/wp-content\/uploads\/2014\/02\/IMG_1269-50x50.jpg 50w, http:\/\/hetzenecker-kueken.de\/wp-content\/uploads\/2014\/02\/IMG_1269.jpg 500w\" sizes=\"auto, (max-width: 180px) 100vw, 180px\" \/><\/a><\/p>\n<p>&nbsp;<\/p>\n<p>&nbsp;<\/p>\n<p>&nbsp;<\/p>\n<p>&nbsp;<\/p>\n<p>&nbsp;<\/p>\n<p>Wir haben 3 Aufzuchtst\u00e4lle, die\u00a0optimal f\u00fcr die K\u00fckenaufzucht von 1 Tag bis 3 Wochen Alter eingerichtet sind. Bodenheizung und zus\u00e4tzliche Gasstrahler sorgen f\u00fcr die notwendige W\u00e4rme, ein Ventilator und Zuluftklappen f\u00fcr ausreichende Bel\u00fcftung und die Hartfaserplatten als K\u00fckenringe sch\u00fctzen die kleinen K\u00fcken vor Zugluft.<\/p>\n<p>In jedem K\u00fckenring k\u00f6nnen 500 &#8211; 600 Eintagsk\u00fcken angef\u00fcttert werden.<\/p>\n<p><a href=\"http:\/\/hetzenecker-kueken.de\/wp-content\/uploads\/2014\/02\/kuken_bodenheizung_klein.jpg\"><img loading=\"lazy\" decoding=\"async\" class=\"alignleft size-full wp-image-154\" alt=\"kuken_bodenheizung_klein\" src=\"http:\/\/hetzenecker-kueken.de\/wp-content\/uploads\/2014\/02\/kuken_bodenheizung_klein.jpg\" width=\"300\" height=\"225\" \/><\/a><\/p>\n","protected":false},"excerpt":{"rendered":"<p>Wir lagern unsere Bruteier in einem speziellen Bruteierlagerraum. Hier werden durch Klimager\u00e4t und Luftbefeuchter die optimalen Lagerbedingungen bis zur Einlage in die Brutmaschine erzeugt. Wir verwenden 5 moderne PETERSIME Schrankbrutmaschinen mit einer Gesamtkapazit\u00e4t von 84 000 Eipl\u00e4tzen, das hei\u00dft das 84000 Eier auf einmal ausgebr\u00fctet werden k\u00f6nnen. Die Bruteier werden w\u00e4hrend der Vorbrut einmal geschiert&hellip;<\/p>\n","protected":false},"author":1,"featured_media":0,"parent":0,"menu_order":4,"comment_status":"closed","ping_status":"closed","template":"","meta":{"footnotes":""},"class_list":["post-12","page","type-page","status-publish","hentry"],"_links":{"self":[{"href":"http:\/\/hetzenecker-kueken.de\/index.php?rest_route=\/wp\/v2\/pages\/12","targetHints":{"allow":["GET"]}}],"collection":[{"href":"http:\/\/hetzenecker-kueken.de\/index.php?rest_route=\/wp\/v2\/pages"}],"about":[{"href":"http:\/\/hetzenecker-kueken.de\/index.php?rest_route=\/wp\/v2\/types\/page"}],"author":[{"embeddable":true,"href":"http:\/\/hetzenecker-kueken.de\/index.php?rest_route=\/wp\/v2\/users\/1"}],"replies":[{"embeddable":true,"href":"http:\/\/hetzenecker-kueken.de\/index.php?rest_route=%2Fwp%2Fv2%2Fcomments&post=12"}],"version-history":[{"count":5,"href":"http:\/\/hetzenecker-kueken.de\/index.php?rest_route=\/wp\/v2\/pages\/12\/revisions"}],"predecessor-version":[{"id":156,"href":"http:\/\/hetzenecker-kueken.de\/index.php?rest_route=\/wp\/v2\/pages\/12\/revisions\/156"}],"wp:attachment":[{"href":"http:\/\/hetzenecker-kueken.de\/index.php?rest_route=%2Fwp%2Fv2%2Fmedia&parent=12"}],"curies":[{"name":"wp","href":"https:\/\/api.w.org\/{rel}","templated":true}]}}