{"id":10,"date":"2014-02-07T18:56:06","date_gmt":"2014-02-07T18:56:06","guid":{"rendered":"http:\/\/hetzenecker-kueken.de\/?page_id=10"},"modified":"2014-02-08T10:48:51","modified_gmt":"2014-02-08T10:48:51","slug":"unsere-vorteile","status":"publish","type":"page","link":"http:\/\/hetzenecker-kueken.de\/?page_id=10","title":{"rendered":"Vorteile"},"content":{"rendered":"<p><b>Unser Biogefl\u00fcgelaufzucht bietet viele Vorteile:<\/b><\/p>\n<p><b>Regionalit\u00e4t<\/b>:<\/p>\n<p>Wir vermehren die K\u00fcken mit eigener Elterntierhaltung in Bayern \/\u00a0 Deutschland sozusagen vor Ort.<\/p>\n<p><b>Biozertifiziert<\/b>:<\/p>\n<p>Wir sind zertifiziertes Naturland-Mitglied, somit erhalten Sie garantiert Biok\u00fcken.<\/p>\n<p><b>Eigene Br\u00fcterei<\/b>:<\/p>\n<p>Somit Kontrolle \u00fcber die Erzeugung von Anfang bis Ende.<\/p>\n<p><b>Eigene Aufzucht:<\/b><\/p>\n<p>Sie k\u00f6nnen von uns K\u00fcken bis drei Wochen erhalten, oder aber auch legereife BIO Junghennen mit 18 &#8211; 20 Wochen Alter mit umfangreichem Impfprogramm.<\/p>\n<p><b>Schnelle Auslieferung<\/b>:<\/p>\n<p>Wir liefern wenn m\u00f6glich mit eigenem klimatisierten K\u00fckentransporter, somit kosteng\u00fcnstige direkte Anlieferung und pers\u00f6nliche \u00dcbergabe.<\/p>\n<p><b>EU zertifiziert:<\/b><\/p>\n<p>Somit k\u00f6nnen wir Kunden in der ganzen EU beliefern, derzeit z.B. \u00d6sterreich, Ungarn, Italien, Niederlande.<\/p>\n<p><b>Hygiene:<\/b><\/p>\n<p>Durch regelm\u00e4\u00dfige Betreuung unseres Fachtierarztes, vorgeschriebenes Reinigungs- und Desinfektionsmanagement und 14t\u00e4gige Kontrolluntersuchungen sind hohe hygienische Standards gew\u00e4hrleistet.<\/p>\n<p><b>Sicherheit:<\/b><\/p>\n<p>Wir stellen durch Blut- und Bruteieruntersuchungen sicher, dass unsere Herde frei von Pullorum und Leukose ist.<\/p>\n","protected":false},"excerpt":{"rendered":"<p>Unser Biogefl\u00fcgelaufzucht bietet viele Vorteile: Regionalit\u00e4t: Wir vermehren die K\u00fcken mit eigener Elterntierhaltung in Bayern \/\u00a0 Deutschland sozusagen vor Ort. Biozertifiziert: Wir sind zertifiziertes Naturland-Mitglied, somit erhalten Sie garantiert Biok\u00fcken. Eigene Br\u00fcterei: Somit Kontrolle \u00fcber die Erzeugung von Anfang bis Ende. Eigene Aufzucht: Sie k\u00f6nnen von uns K\u00fcken bis drei Wochen erhalten, oder aber auch&hellip;<\/p>\n","protected":false},"author":1,"featured_media":0,"parent":2,"menu_order":3,"comment_status":"closed","ping_status":"closed","template":"","meta":{"footnotes":""},"class_list":["post-10","page","type-page","status-publish","hentry"],"_links":{"self":[{"href":"http:\/\/hetzenecker-kueken.de\/index.php?rest_route=\/wp\/v2\/pages\/10","targetHints":{"allow":["GET"]}}],"collection":[{"href":"http:\/\/hetzenecker-kueken.de\/index.php?rest_route=\/wp\/v2\/pages"}],"about":[{"href":"http:\/\/hetzenecker-kueken.de\/index.php?rest_route=\/wp\/v2\/types\/page"}],"author":[{"embeddable":true,"href":"http:\/\/hetzenecker-kueken.de\/index.php?rest_route=\/wp\/v2\/users\/1"}],"replies":[{"embeddable":true,"href":"http:\/\/hetzenecker-kueken.de\/index.php?rest_route=%2Fwp%2Fv2%2Fcomments&post=10"}],"version-history":[{"count":2,"href":"http:\/\/hetzenecker-kueken.de\/index.php?rest_route=\/wp\/v2\/pages\/10\/revisions"}],"predecessor-version":[{"id":92,"href":"http:\/\/hetzenecker-kueken.de\/index.php?rest_route=\/wp\/v2\/pages\/10\/revisions\/92"}],"up":[{"embeddable":true,"href":"http:\/\/hetzenecker-kueken.de\/index.php?rest_route=\/wp\/v2\/pages\/2"}],"wp:attachment":[{"href":"http:\/\/hetzenecker-kueken.de\/index.php?rest_route=%2Fwp%2Fv2%2Fmedia&parent=10"}],"curies":[{"name":"wp","href":"https:\/\/api.w.org\/{rel}","templated":true}]}}